{"id":46,"date":"2024-08-29T10:32:23","date_gmt":"2024-08-29T10:32:23","guid":{"rendered":"https:\/\/energy.omnicom.md\/?page_id=46"},"modified":"2024-09-10T12:32:08","modified_gmt":"2024-09-10T12:32:08","slug":"acasa","status":"publish","type":"page","link":"https:\/\/energy.omnicom.md\/?page_id=46&lang=ro","title":{"rendered":"Despre noi"},"content":{"rendered":"\n<p>OMNICOM a ap\u0103rut pe pia\u021ba moldoveneasc\u0103 \u00een anul 2006, stabilindu-se ca un Integrator de Sisteme puternic \u0219i de \u00eencredere. \u00cen fiecare an \u00ee\u0219i extinde portofoliul de servicii. <\/p>\n\n\n\n<p>Misiunea companiei este de a dezvolta solu\u021bii complexe pentru automatizarea proceselor tehnologice \u0219i de afaceri ale companiei dvs. Oferind cel mai eficient management al organiza\u021biei ca \u00eentreg. <\/p>\n\n\n\n<p>\u00cen 2024, OMNICOM a devenit participant la pia\u021ba liberalizat\u0103 de energie electric\u0103 \u0219i gaze naturale din Republica Moldova, av\u00e2nd o licen\u021b\u0103 de furnizare a energiei electrice seria<br>A MMI nr. 000217 din 23.08.2024, eliberat\u0103 de Agen\u021bia Na\u021bional\u0103 pentru Reglementare \u00een Energetic\u0103 (ANRE). \u00cen plus, suntem un participant la pia\u021ba angro de energie electric\u0103 din Republica Moldova. <\/p>\n","protected":false},"excerpt":{"rendered":"<p>OMNICOM a ap\u0103rut pe pia\u021ba moldoveneasc\u0103 \u00een anul 2006, stabilindu-se ca un Integrator de Sisteme puternic \u0219i de \u00eencredere. \u00cen [&hellip;]<\/p>\n","protected":false},"author":1,"featured_media":0,"parent":0,"menu_order":0,"comment_status":"closed","ping_status":"closed","template":"","meta":{"site-sidebar-layout":"default","site-content-layout":"","ast-site-content-layout":"","site-content-style":"default","site-sidebar-style":"default","ast-global-header-display":"","ast-banner-title-visibility":"","ast-main-header-display":"","ast-hfb-above-header-display":"","ast-hfb-below-header-display":"","ast-hfb-mobile-header-display":"","site-post-title":"","ast-breadcrumbs-content":"","ast-featured-img":"","footer-sml-layout":"","theme-transparent-header-meta":"","adv-header-id-meta":"","stick-header-meta":"","header-above-stick-meta":"","header-main-stick-meta":"","header-below-stick-meta":"","astra-migrate-meta-layouts":"default","ast-page-background-enabled":"default","ast-page-background-meta":{"desktop":{"background-color":"var(--ast-global-color-4)","background-image":"","background-repeat":"repeat","background-position":"center center","background-size":"auto","background-attachment":"scroll","background-type":"","background-media":"","overlay-type":"","overlay-color":"","overlay-opacity":"","overlay-gradient":""},"tablet":{"background-color":"","background-image":"","background-repeat":"repeat","background-position":"center center","background-size":"auto","background-attachment":"scroll","background-type":"","background-media":"","overlay-type":"","overlay-color":"","overlay-opacity":"","overlay-gradient":""},"mobile":{"background-color":"","background-image":"","background-repeat":"repeat","background-position":"center center","background-size":"auto","background-attachment":"scroll","background-type":"","background-media":"","overlay-type":"","overlay-color":"","overlay-opacity":"","overlay-gradient":""}},"ast-content-background-meta":{"desktop":{"background-color":"var(--ast-global-color-5)","background-image":"","background-repeat":"repeat","background-position":"center center","background-size":"auto","background-attachment":"scroll","background-type":"","background-media":"","overlay-type":"","overlay-color":"","overlay-opacity":"","overlay-gradient":""},"tablet":{"background-color":"var(--ast-global-color-5)","background-image":"","background-repeat":"repeat","background-position":"center center","background-size":"auto","background-attachment":"scroll","background-type":"","background-media":"","overlay-type":"","overlay-color":"","overlay-opacity":"","overlay-gradient":""},"mobile":{"background-color":"var(--ast-global-color-5)","background-image":"","background-repeat":"repeat","background-position":"center center","background-size":"auto","background-attachment":"scroll","background-type":"","background-media":"","overlay-type":"","overlay-color":"","overlay-opacity":"","overlay-gradient":""}},"footnotes":""},"class_list":["post-46","page","type-page","status-publish","hentry"],"_links":{"self":[{"href":"https:\/\/energy.omnicom.md\/index.php?rest_route=\/wp\/v2\/pages\/46","targetHints":{"allow":["GET"]}}],"collection":[{"href":"https:\/\/energy.omnicom.md\/index.php?rest_route=\/wp\/v2\/pages"}],"about":[{"href":"https:\/\/energy.omnicom.md\/index.php?rest_route=\/wp\/v2\/types\/page"}],"author":[{"embeddable":true,"href":"https:\/\/energy.omnicom.md\/index.php?rest_route=\/wp\/v2\/users\/1"}],"replies":[{"embeddable":true,"href":"https:\/\/energy.omnicom.md\/index.php?rest_route=%2Fwp%2Fv2%2Fcomments&post=46"}],"version-history":[{"count":1,"href":"https:\/\/energy.omnicom.md\/index.php?rest_route=\/wp\/v2\/pages\/46\/revisions"}],"predecessor-version":[{"id":58,"href":"https:\/\/energy.omnicom.md\/index.php?rest_route=\/wp\/v2\/pages\/46\/revisions\/58"}],"wp:attachment":[{"href":"https:\/\/energy.omnicom.md\/index.php?rest_route=%2Fwp%2Fv2%2Fmedia&parent=46"}],"curies":[{"name":"wp","href":"https:\/\/api.w.org\/{rel}","templated":true}]}}